{"id":244,"date":"2022-03-24T11:02:38","date_gmt":"2022-03-24T11:02:38","guid":{"rendered":"https:\/\/www.orgelshogeland.nl\/?page_id=244"},"modified":"2025-11-07T11:21:56","modified_gmt":"2025-11-07T11:21:56","slug":"agenda-uithuizermeeden","status":"publish","type":"page","link":"https:\/\/www.orgelshogeland.nl\/?page_id=244","title":{"rendered":"Agenda Uithuizermeeden"},"content":{"rendered":"\n<p><strong>Uithuizermeeden 2025<\/strong><\/p>\n\n\n\n<p><strong>21 april<\/strong>,&nbsp;Het Anker, 20.00 uur, Dutch Choral Singers o.l.v. Henk de Vries, Eeuwe Zijlstra orgel<\/p>\n\n\n\n<p><strong>2 augustus<\/strong>,&nbsp;Mariakerk, 16.00 uur, orgelbespeling Meistermuziekuur door M\u00e1rton L\u00e9n\u00e1rt<\/p>\n\n\n\n<p><strong>4 oktober<\/strong>, Mariakerk, 20.00 uur, orgelconcert Maarten Wilmink<\/p>\n\n\n\n<p><strong>21 november<\/strong>, De Wijngaard, 20.00 uur, orgelconcert en samenzang met Minne Veldman<\/p>\n\n\n\n<p><strong>12 december<\/strong>, Het Anker, 20.00 uur, Festival of Lessons and Carols met Choral Voices o.l.v. Daniel Rouwkema, Christiaan de Vries orgel.<\/p>\n\n\n\n<p>Zie ook <a href=\"https:\/\/avondmuziekuithuizermeeden.nl\/\" target=\"_blank\" rel=\"noreferrer noopener\">Stichting Avondmuziek Uithuizermeeden<\/a>.<\/p>\n","protected":false},"excerpt":{"rendered":"<p>Uithuizermeeden 2025 21 april,&nbsp;Het Anker, 20.00 uur, Dutch Choral Singers o.l.v. Henk de Vries, Eeuwe Zijlstra orgel 2 augustus,&nbsp;Mariakerk, 16.00 uur, orgelbespeling Meistermuziekuur door M\u00e1rton L\u00e9n\u00e1rt 4 oktober, Mariakerk, 20.00 uur, orgelconcert Maarten Wilmink 21 november, De Wijngaard, 20.00 uur, orgelconcert en samenzang met Minne Veldman 12 december, Het Anker, 20.00 uur, Festival of Lessons [&hellip;]<\/p>\n","protected":false},"author":3076,"featured_media":0,"parent":0,"menu_order":0,"comment_status":"closed","ping_status":"closed","template":"","meta":{"footnotes":""},"class_list":["post-244","page","type-page","status-publish","hentry"],"_links":{"self":[{"href":"https:\/\/www.orgelshogeland.nl\/index.php?rest_route=\/wp\/v2\/pages\/244","targetHints":{"allow":["GET"]}}],"collection":[{"href":"https:\/\/www.orgelshogeland.nl\/index.php?rest_route=\/wp\/v2\/pages"}],"about":[{"href":"https:\/\/www.orgelshogeland.nl\/index.php?rest_route=\/wp\/v2\/types\/page"}],"author":[{"embeddable":true,"href":"https:\/\/www.orgelshogeland.nl\/index.php?rest_route=\/wp\/v2\/users\/3076"}],"replies":[{"embeddable":true,"href":"https:\/\/www.orgelshogeland.nl\/index.php?rest_route=%2Fwp%2Fv2%2Fcomments&post=244"}],"version-history":[{"count":44,"href":"https:\/\/www.orgelshogeland.nl\/index.php?rest_route=\/wp\/v2\/pages\/244\/revisions"}],"predecessor-version":[{"id":1996,"href":"https:\/\/www.orgelshogeland.nl\/index.php?rest_route=\/wp\/v2\/pages\/244\/revisions\/1996"}],"wp:attachment":[{"href":"https:\/\/www.orgelshogeland.nl\/index.php?rest_route=%2Fwp%2Fv2%2Fmedia&parent=244"}],"curies":[{"name":"wp","href":"https:\/\/api.w.org\/{rel}","templated":true}]}}